{"id":1121,"date":"2021-05-03T14:03:40","date_gmt":"2021-05-03T11:03:40","guid":{"rendered":"http:\/\/www.kutupsogutma.net\/?post_type=product&#038;p=1121"},"modified":"2021-05-03T14:04:54","modified_gmt":"2021-05-03T11:04:54","slug":"firin-pipo-set-ustu-3-8-frn3001","status":"publish","type":"product","link":"http:\/\/www.kutupsogutma.net\/?product=firin-pipo-set-ustu-3-8-frn3001","title":{"rendered":"FIRIN P\u0130PO SET \u00dcST\u00dc 3\/8 FRN3001"},"content":{"rendered":"<p>FIRIN P\u0130PO SET \u00dcST\u00dc 3\/8 FRN3001<\/p>\n","protected":false},"excerpt":{"rendered":"<p>FIRIN P\u0130PO SET \u00dcST\u00dc 3\/8 FRN3001<\/p>\n","protected":false},"featured_media":1122,"comment_status":"open","ping_status":"closed","template":"","meta":[],"product_cat":[85,22],"product_tag":[1246,1247],"_links":{"self":[{"href":"http:\/\/www.kutupsogutma.net\/index.php?rest_route=\/wp\/v2\/product\/1121"}],"collection":[{"href":"http:\/\/www.kutupsogutma.net\/index.php?rest_route=\/wp\/v2\/product"}],"about":[{"href":"http:\/\/www.kutupsogutma.net\/index.php?rest_route=\/wp\/v2\/types\/product"}],"replies":[{"embeddable":true,"href":"http:\/\/www.kutupsogutma.net\/index.php?rest_route=%2Fwp%2Fv2%2Fcomments&post=1121"}],"wp:featuredmedia":[{"embeddable":true,"href":"http:\/\/www.kutupsogutma.net\/index.php?rest_route=\/wp\/v2\/media\/1122"}],"wp:attachment":[{"href":"http:\/\/www.kutupsogutma.net\/index.php?rest_route=%2Fwp%2Fv2%2Fmedia&parent=1121"}],"wp:term":[{"taxonomy":"product_cat","embeddable":true,"href":"http:\/\/www.kutupsogutma.net\/index.php?rest_route=%2Fwp%2Fv2%2Fproduct_cat&post=1121"},{"taxonomy":"product_tag","embeddable":true,"href":"http:\/\/www.kutupsogutma.net\/index.php?rest_route=%2Fwp%2Fv2%2Fproduct_tag&post=1121"}],"curies":[{"name":"wp","href":"https:\/\/api.w.org\/{rel}","templated":true}]}}