{"id":1119,"date":"2021-05-03T14:03:33","date_gmt":"2021-05-03T11:03:33","guid":{"rendered":"http:\/\/www.kutupsogutma.net\/?post_type=product&#038;p=1119"},"modified":"2021-05-03T14:03:34","modified_gmt":"2021-05-03T11:03:34","slug":"firin-pipo-set-ustu-3-4-frn3000","status":"publish","type":"product","link":"http:\/\/www.kutupsogutma.net\/?product=firin-pipo-set-ustu-3-4-frn3000","title":{"rendered":"FIRIN P\u0130PO SET \u00dcST\u00dc 3\/4 FRN3000"},"content":{"rendered":"<p>FIRIN P\u0130PO SET \u00dcST\u00dc 3\/4 FRN3000<\/p>\n","protected":false},"excerpt":{"rendered":"<p>FIRIN P\u0130PO SET \u00dcST\u00dc 3\/4 FRN3000<\/p>\n","protected":false},"featured_media":1120,"comment_status":"open","ping_status":"closed","template":"","meta":[],"product_cat":[85,22],"product_tag":[1244,1245,1243],"_links":{"self":[{"href":"http:\/\/www.kutupsogutma.net\/index.php?rest_route=\/wp\/v2\/product\/1119"}],"collection":[{"href":"http:\/\/www.kutupsogutma.net\/index.php?rest_route=\/wp\/v2\/product"}],"about":[{"href":"http:\/\/www.kutupsogutma.net\/index.php?rest_route=\/wp\/v2\/types\/product"}],"replies":[{"embeddable":true,"href":"http:\/\/www.kutupsogutma.net\/index.php?rest_route=%2Fwp%2Fv2%2Fcomments&post=1119"}],"wp:featuredmedia":[{"embeddable":true,"href":"http:\/\/www.kutupsogutma.net\/index.php?rest_route=\/wp\/v2\/media\/1120"}],"wp:attachment":[{"href":"http:\/\/www.kutupsogutma.net\/index.php?rest_route=%2Fwp%2Fv2%2Fmedia&parent=1119"}],"wp:term":[{"taxonomy":"product_cat","embeddable":true,"href":"http:\/\/www.kutupsogutma.net\/index.php?rest_route=%2Fwp%2Fv2%2Fproduct_cat&post=1119"},{"taxonomy":"product_tag","embeddable":true,"href":"http:\/\/www.kutupsogutma.net\/index.php?rest_route=%2Fwp%2Fv2%2Fproduct_tag&post=1119"}],"curies":[{"name":"wp","href":"https:\/\/api.w.org\/{rel}","templated":true}]}}