{"id":1111,"date":"2021-05-03T13:56:31","date_gmt":"2021-05-03T10:56:31","guid":{"rendered":"http:\/\/www.kutupsogutma.net\/?post_type=product&#038;p=1111"},"modified":"2021-05-03T13:58:04","modified_gmt":"2021-05-03T10:58:04","slug":"dogalgaz-cakmak-pilot-kalem-telli-frn2023","status":"publish","type":"product","link":"http:\/\/www.kutupsogutma.net\/?product=dogalgaz-cakmak-pilot-kalem-telli-frn2023","title":{"rendered":"DO\u011eALGAZ \u00c7AKMAK P\u0130LOT KALEM TELL\u0130 FRN2023"},"content":{"rendered":"<p>DO\u011eALGAZ \u00c7AKMAK P\u0130LOT KALEM TELL\u0130 FRN2023<\/p>\n","protected":false},"excerpt":{"rendered":"<p>DO\u011eALGAZ \u00c7AKMAK P\u0130LOT KALEM TELL\u0130 FRN2023<\/p>\n","protected":false},"featured_media":1112,"comment_status":"open","ping_status":"closed","template":"","meta":[],"product_cat":[84,22],"product_tag":[1234,1241],"_links":{"self":[{"href":"http:\/\/www.kutupsogutma.net\/index.php?rest_route=\/wp\/v2\/product\/1111"}],"collection":[{"href":"http:\/\/www.kutupsogutma.net\/index.php?rest_route=\/wp\/v2\/product"}],"about":[{"href":"http:\/\/www.kutupsogutma.net\/index.php?rest_route=\/wp\/v2\/types\/product"}],"replies":[{"embeddable":true,"href":"http:\/\/www.kutupsogutma.net\/index.php?rest_route=%2Fwp%2Fv2%2Fcomments&post=1111"}],"wp:featuredmedia":[{"embeddable":true,"href":"http:\/\/www.kutupsogutma.net\/index.php?rest_route=\/wp\/v2\/media\/1112"}],"wp:attachment":[{"href":"http:\/\/www.kutupsogutma.net\/index.php?rest_route=%2Fwp%2Fv2%2Fmedia&parent=1111"}],"wp:term":[{"taxonomy":"product_cat","embeddable":true,"href":"http:\/\/www.kutupsogutma.net\/index.php?rest_route=%2Fwp%2Fv2%2Fproduct_cat&post=1111"},{"taxonomy":"product_tag","embeddable":true,"href":"http:\/\/www.kutupsogutma.net\/index.php?rest_route=%2Fwp%2Fv2%2Fproduct_tag&post=1111"}],"curies":[{"name":"wp","href":"https:\/\/api.w.org\/{rel}","templated":true}]}}