{"id":1109,"date":"2021-05-03T13:50:07","date_gmt":"2021-05-03T10:50:07","guid":{"rendered":"http:\/\/www.kutupsogutma.net\/?post_type=product&#038;p=1109"},"modified":"2021-05-03T13:51:35","modified_gmt":"2021-05-03T10:51:35","slug":"dogalgaz-cakmak-pilot-kalem-sofben-surgulu-simtel-ince-frn2022","status":"publish","type":"product","link":"http:\/\/www.kutupsogutma.net\/?product=dogalgaz-cakmak-pilot-kalem-sofben-surgulu-simtel-ince-frn2022","title":{"rendered":"DO\u011eALGAZ \u00c7AKMAK P\u0130LOT KALEM \u015eOFBEN S\u00dcRG\u00dcL\u00dc S\u0130MTEL \u0130NCE FRN2022"},"content":{"rendered":"<p>DO\u011eALGAZ \u00c7AKMAK P\u0130LOT KALEM \u015eOFBEN S\u00dcRG\u00dcL\u00dc S\u0130MTEL \u0130NCE FRN2022<\/p>\n","protected":false},"excerpt":{"rendered":"<p>DO\u011eALGAZ \u00c7AKMAK P\u0130LOT KALEM \u015eOFBEN S\u00dcRG\u00dcL\u00dc S\u0130MTEL \u0130NCE FRN2022<\/p>\n","protected":false},"featured_media":1110,"comment_status":"open","ping_status":"closed","template":"","meta":[],"product_cat":[84,22],"product_tag":[1239,1234,1238,1240],"_links":{"self":[{"href":"http:\/\/www.kutupsogutma.net\/index.php?rest_route=\/wp\/v2\/product\/1109"}],"collection":[{"href":"http:\/\/www.kutupsogutma.net\/index.php?rest_route=\/wp\/v2\/product"}],"about":[{"href":"http:\/\/www.kutupsogutma.net\/index.php?rest_route=\/wp\/v2\/types\/product"}],"replies":[{"embeddable":true,"href":"http:\/\/www.kutupsogutma.net\/index.php?rest_route=%2Fwp%2Fv2%2Fcomments&post=1109"}],"wp:featuredmedia":[{"embeddable":true,"href":"http:\/\/www.kutupsogutma.net\/index.php?rest_route=\/wp\/v2\/media\/1110"}],"wp:attachment":[{"href":"http:\/\/www.kutupsogutma.net\/index.php?rest_route=%2Fwp%2Fv2%2Fmedia&parent=1109"}],"wp:term":[{"taxonomy":"product_cat","embeddable":true,"href":"http:\/\/www.kutupsogutma.net\/index.php?rest_route=%2Fwp%2Fv2%2Fproduct_cat&post=1109"},{"taxonomy":"product_tag","embeddable":true,"href":"http:\/\/www.kutupsogutma.net\/index.php?rest_route=%2Fwp%2Fv2%2Fproduct_tag&post=1109"}],"curies":[{"name":"wp","href":"https:\/\/api.w.org\/{rel}","templated":true}]}}