{"id":1105,"date":"2021-05-03T13:47:13","date_gmt":"2021-05-03T10:47:13","guid":{"rendered":"http:\/\/www.kutupsogutma.net\/?post_type=product&#038;p=1105"},"modified":"2021-05-03T13:48:35","modified_gmt":"2021-05-03T10:48:35","slug":"dogalgaz-cakmak-pilot-kalem-ustten-disli-frn2020","status":"publish","type":"product","link":"http:\/\/www.kutupsogutma.net\/?product=dogalgaz-cakmak-pilot-kalem-ustten-disli-frn2020","title":{"rendered":"DO\u011eALGAZ \u00c7AKMAK P\u0130LOT KALEM \u00dcSTTEN D\u0130\u015eL\u0130 FRN2020"},"content":{"rendered":"<p>DO\u011eALGAZ \u00c7AKMAK P\u0130LOT KALEM \u00dcSTTEN D\u0130\u015eL\u0130 FRN2020<\/p>\n","protected":false},"excerpt":{"rendered":"<p>DO\u011eALGAZ \u00c7AKMAK P\u0130LOT KALEM \u00dcSTTEN D\u0130\u015eL\u0130 FRN2020<\/p>\n","protected":false},"featured_media":1106,"comment_status":"open","ping_status":"closed","template":"","meta":[],"product_cat":[84,22],"product_tag":[1232,1234,1233],"_links":{"self":[{"href":"http:\/\/www.kutupsogutma.net\/index.php?rest_route=\/wp\/v2\/product\/1105"}],"collection":[{"href":"http:\/\/www.kutupsogutma.net\/index.php?rest_route=\/wp\/v2\/product"}],"about":[{"href":"http:\/\/www.kutupsogutma.net\/index.php?rest_route=\/wp\/v2\/types\/product"}],"replies":[{"embeddable":true,"href":"http:\/\/www.kutupsogutma.net\/index.php?rest_route=%2Fwp%2Fv2%2Fcomments&post=1105"}],"wp:featuredmedia":[{"embeddable":true,"href":"http:\/\/www.kutupsogutma.net\/index.php?rest_route=\/wp\/v2\/media\/1106"}],"wp:attachment":[{"href":"http:\/\/www.kutupsogutma.net\/index.php?rest_route=%2Fwp%2Fv2%2Fmedia&parent=1105"}],"wp:term":[{"taxonomy":"product_cat","embeddable":true,"href":"http:\/\/www.kutupsogutma.net\/index.php?rest_route=%2Fwp%2Fv2%2Fproduct_cat&post=1105"},{"taxonomy":"product_tag","embeddable":true,"href":"http:\/\/www.kutupsogutma.net\/index.php?rest_route=%2Fwp%2Fv2%2Fproduct_tag&post=1105"}],"curies":[{"name":"wp","href":"https:\/\/api.w.org\/{rel}","templated":true}]}}