{"id":1097,"date":"2021-05-03T12:16:23","date_gmt":"2021-05-03T09:16:23","guid":{"rendered":"http:\/\/www.kutupsogutma.net\/?post_type=product&#038;p=1097"},"modified":"2021-05-03T12:17:11","modified_gmt":"2021-05-03T09:17:11","slug":"dogalgaz-atesleme-buji-kalem-cubuk-04-frn2016","status":"publish","type":"product","link":"http:\/\/www.kutupsogutma.net\/?product=dogalgaz-atesleme-buji-kalem-cubuk-04-frn2016","title":{"rendered":"DO\u011eALGAZ ATE\u015eLEME BUJ\u0130 KALEM \u00c7UBUK 04 FRN2016"},"content":{"rendered":"<p>DO\u011eALGAZ ATE\u015eLEME BUJ\u0130 KALEM \u00c7UBUK 04 FRN2016<\/p>\n","protected":false},"excerpt":{"rendered":"<p>DO\u011eALGAZ ATE\u015eLEME BUJ\u0130 KALEM \u00c7UBUK 04 FRN2016<\/p>\n","protected":false},"featured_media":1098,"comment_status":"open","ping_status":"closed","template":"","meta":[],"product_cat":[84,22],"product_tag":[1229,1230,1231],"_links":{"self":[{"href":"http:\/\/www.kutupsogutma.net\/index.php?rest_route=\/wp\/v2\/product\/1097"}],"collection":[{"href":"http:\/\/www.kutupsogutma.net\/index.php?rest_route=\/wp\/v2\/product"}],"about":[{"href":"http:\/\/www.kutupsogutma.net\/index.php?rest_route=\/wp\/v2\/types\/product"}],"replies":[{"embeddable":true,"href":"http:\/\/www.kutupsogutma.net\/index.php?rest_route=%2Fwp%2Fv2%2Fcomments&post=1097"}],"wp:featuredmedia":[{"embeddable":true,"href":"http:\/\/www.kutupsogutma.net\/index.php?rest_route=\/wp\/v2\/media\/1098"}],"wp:attachment":[{"href":"http:\/\/www.kutupsogutma.net\/index.php?rest_route=%2Fwp%2Fv2%2Fmedia&parent=1097"}],"wp:term":[{"taxonomy":"product_cat","embeddable":true,"href":"http:\/\/www.kutupsogutma.net\/index.php?rest_route=%2Fwp%2Fv2%2Fproduct_cat&post=1097"},{"taxonomy":"product_tag","embeddable":true,"href":"http:\/\/www.kutupsogutma.net\/index.php?rest_route=%2Fwp%2Fv2%2Fproduct_tag&post=1097"}],"curies":[{"name":"wp","href":"https:\/\/api.w.org\/{rel}","templated":true}]}}