{"id":1093,"date":"2021-05-03T12:14:29","date_gmt":"2021-05-03T09:14:29","guid":{"rendered":"http:\/\/www.kutupsogutma.net\/?post_type=product&#038;p=1093"},"modified":"2021-05-03T12:15:15","modified_gmt":"2021-05-03T09:15:15","slug":"dogalgaz-atesleme-buji-kalem-cubuk-02-frn2014","status":"publish","type":"product","link":"http:\/\/www.kutupsogutma.net\/?product=dogalgaz-atesleme-buji-kalem-cubuk-02-frn2014","title":{"rendered":"DO\u011eALGAZ ATE\u015eLEME BUJ\u0130 KALEM \u00c7UBUK 02 FRN2014"},"content":{"rendered":"<p>DO\u011eALGAZ ATE\u015eLEME BUJ\u0130 KALEM \u00c7UBUK 02 FRN2014<\/p>\n","protected":false},"excerpt":{"rendered":"<p>DO\u011eALGAZ ATE\u015eLEME BUJ\u0130 KALEM \u00c7UBUK 02 FRN2014<\/p>\n","protected":false},"featured_media":1094,"comment_status":"open","ping_status":"closed","template":"","meta":[],"product_cat":[84,22],"product_tag":[1229,1230,1231],"_links":{"self":[{"href":"http:\/\/www.kutupsogutma.net\/index.php?rest_route=\/wp\/v2\/product\/1093"}],"collection":[{"href":"http:\/\/www.kutupsogutma.net\/index.php?rest_route=\/wp\/v2\/product"}],"about":[{"href":"http:\/\/www.kutupsogutma.net\/index.php?rest_route=\/wp\/v2\/types\/product"}],"replies":[{"embeddable":true,"href":"http:\/\/www.kutupsogutma.net\/index.php?rest_route=%2Fwp%2Fv2%2Fcomments&post=1093"}],"wp:featuredmedia":[{"embeddable":true,"href":"http:\/\/www.kutupsogutma.net\/index.php?rest_route=\/wp\/v2\/media\/1094"}],"wp:attachment":[{"href":"http:\/\/www.kutupsogutma.net\/index.php?rest_route=%2Fwp%2Fv2%2Fmedia&parent=1093"}],"wp:term":[{"taxonomy":"product_cat","embeddable":true,"href":"http:\/\/www.kutupsogutma.net\/index.php?rest_route=%2Fwp%2Fv2%2Fproduct_cat&post=1093"},{"taxonomy":"product_tag","embeddable":true,"href":"http:\/\/www.kutupsogutma.net\/index.php?rest_route=%2Fwp%2Fv2%2Fproduct_tag&post=1093"}],"curies":[{"name":"wp","href":"https:\/\/api.w.org\/{rel}","templated":true}]}}