{"id":1087,"date":"2021-05-03T12:09:43","date_gmt":"2021-05-03T09:09:43","guid":{"rendered":"http:\/\/www.kutupsogutma.net\/?post_type=product&#038;p=1087"},"modified":"2021-05-03T12:11:21","modified_gmt":"2021-05-03T09:11:21","slug":"firin-ocak-atesleme-buji-kablolu-eski-tip-frn2011","status":"publish","type":"product","link":"http:\/\/www.kutupsogutma.net\/?product=firin-ocak-atesleme-buji-kablolu-eski-tip-frn2011","title":{"rendered":"FIRIN OCAK ATE\u015eLEME BUJ\u0130 KABLOLU ESK\u0130 T\u0130P FRN2011"},"content":{"rendered":"<p>FIRIN OCAK ATE\u015eLEME BUJ\u0130 KABLOLU ESK\u0130 T\u0130P FRN2011<\/p>\n","protected":false},"excerpt":{"rendered":"<p>FIRIN OCAK ATE\u015eLEME BUJ\u0130 KABLOLU ESK\u0130 T\u0130P FRN2011<\/p>\n","protected":false},"featured_media":1088,"comment_status":"open","ping_status":"closed","template":"","meta":[],"product_cat":[84,22],"product_tag":[1228,1219],"_links":{"self":[{"href":"http:\/\/www.kutupsogutma.net\/index.php?rest_route=\/wp\/v2\/product\/1087"}],"collection":[{"href":"http:\/\/www.kutupsogutma.net\/index.php?rest_route=\/wp\/v2\/product"}],"about":[{"href":"http:\/\/www.kutupsogutma.net\/index.php?rest_route=\/wp\/v2\/types\/product"}],"replies":[{"embeddable":true,"href":"http:\/\/www.kutupsogutma.net\/index.php?rest_route=%2Fwp%2Fv2%2Fcomments&post=1087"}],"wp:featuredmedia":[{"embeddable":true,"href":"http:\/\/www.kutupsogutma.net\/index.php?rest_route=\/wp\/v2\/media\/1088"}],"wp:attachment":[{"href":"http:\/\/www.kutupsogutma.net\/index.php?rest_route=%2Fwp%2Fv2%2Fmedia&parent=1087"}],"wp:term":[{"taxonomy":"product_cat","embeddable":true,"href":"http:\/\/www.kutupsogutma.net\/index.php?rest_route=%2Fwp%2Fv2%2Fproduct_cat&post=1087"},{"taxonomy":"product_tag","embeddable":true,"href":"http:\/\/www.kutupsogutma.net\/index.php?rest_route=%2Fwp%2Fv2%2Fproduct_tag&post=1087"}],"curies":[{"name":"wp","href":"https:\/\/api.w.org\/{rel}","templated":true}]}}