{"id":1085,"date":"2021-05-03T12:07:57","date_gmt":"2021-05-03T09:07:57","guid":{"rendered":"http:\/\/www.kutupsogutma.net\/?post_type=product&#038;p=1085"},"modified":"2021-05-03T12:09:35","modified_gmt":"2021-05-03T09:09:35","slug":"sofben-kombi-atesleme-buji-kablolu-arcelik-beko-demirdokum-frn2010","status":"publish","type":"product","link":"http:\/\/www.kutupsogutma.net\/?product=sofben-kombi-atesleme-buji-kablolu-arcelik-beko-demirdokum-frn2010","title":{"rendered":"\u015eOFBEN KOMB\u0130 ATE\u015eLEME BUJ\u0130 KABLOLU AR\u00c7EL\u0130K-BEKO-DEM\u0130RD\u00d6K\u00dcM FRN2010"},"content":{"rendered":"<p>\u015eOFBEN KOMB\u0130 ATE\u015eLEME BUJ\u0130 KABLOLU AR\u00c7EL\u0130K-BEKO-DEM\u0130RD\u00d6K\u00dcM FRN2010<\/p>\n","protected":false},"excerpt":{"rendered":"<p>\u015eOFBEN KOMB\u0130 ATE\u015eLEME BUJ\u0130 KABLOLU AR\u00c7EL\u0130K-BEKO-DEM\u0130RD\u00d6K\u00dcM FRN2010<\/p>\n","protected":false},"featured_media":1086,"comment_status":"open","ping_status":"closed","template":"","meta":[],"product_cat":[84,22],"product_tag":[1227,1219,1226],"_links":{"self":[{"href":"http:\/\/www.kutupsogutma.net\/index.php?rest_route=\/wp\/v2\/product\/1085"}],"collection":[{"href":"http:\/\/www.kutupsogutma.net\/index.php?rest_route=\/wp\/v2\/product"}],"about":[{"href":"http:\/\/www.kutupsogutma.net\/index.php?rest_route=\/wp\/v2\/types\/product"}],"replies":[{"embeddable":true,"href":"http:\/\/www.kutupsogutma.net\/index.php?rest_route=%2Fwp%2Fv2%2Fcomments&post=1085"}],"wp:featuredmedia":[{"embeddable":true,"href":"http:\/\/www.kutupsogutma.net\/index.php?rest_route=\/wp\/v2\/media\/1086"}],"wp:attachment":[{"href":"http:\/\/www.kutupsogutma.net\/index.php?rest_route=%2Fwp%2Fv2%2Fmedia&parent=1085"}],"wp:term":[{"taxonomy":"product_cat","embeddable":true,"href":"http:\/\/www.kutupsogutma.net\/index.php?rest_route=%2Fwp%2Fv2%2Fproduct_cat&post=1085"},{"taxonomy":"product_tag","embeddable":true,"href":"http:\/\/www.kutupsogutma.net\/index.php?rest_route=%2Fwp%2Fv2%2Fproduct_tag&post=1085"}],"curies":[{"name":"wp","href":"https:\/\/api.w.org\/{rel}","templated":true}]}}