{"id":1081,"date":"2021-05-03T12:05:34","date_gmt":"2021-05-03T09:05:34","guid":{"rendered":"http:\/\/www.kutupsogutma.net\/?post_type=product&#038;p=1081"},"modified":"2021-05-03T12:06:40","modified_gmt":"2021-05-03T09:06:40","slug":"firin-ocak-atesleme-buji-kablolu-auer-frn2008","status":"publish","type":"product","link":"http:\/\/www.kutupsogutma.net\/?product=firin-ocak-atesleme-buji-kablolu-auer-frn2008","title":{"rendered":"FIRIN OCAK ATE\u015eLEME BUJ\u0130 KABLOLU AUER FRN2008"},"content":{"rendered":"<p>FIRIN OCAK ATE\u015eLEME BUJ\u0130 KABLOLU AUER FRN2008<\/p>\n","protected":false},"excerpt":{"rendered":"<p>FIRIN OCAK ATE\u015eLEME BUJ\u0130 KABLOLU AUER FRN2008<\/p>\n","protected":false},"featured_media":1082,"comment_status":"open","ping_status":"closed","template":"","meta":[],"product_cat":[84,22],"product_tag":[1223,1222,1219],"_links":{"self":[{"href":"http:\/\/www.kutupsogutma.net\/index.php?rest_route=\/wp\/v2\/product\/1081"}],"collection":[{"href":"http:\/\/www.kutupsogutma.net\/index.php?rest_route=\/wp\/v2\/product"}],"about":[{"href":"http:\/\/www.kutupsogutma.net\/index.php?rest_route=\/wp\/v2\/types\/product"}],"replies":[{"embeddable":true,"href":"http:\/\/www.kutupsogutma.net\/index.php?rest_route=%2Fwp%2Fv2%2Fcomments&post=1081"}],"wp:featuredmedia":[{"embeddable":true,"href":"http:\/\/www.kutupsogutma.net\/index.php?rest_route=\/wp\/v2\/media\/1082"}],"wp:attachment":[{"href":"http:\/\/www.kutupsogutma.net\/index.php?rest_route=%2Fwp%2Fv2%2Fmedia&parent=1081"}],"wp:term":[{"taxonomy":"product_cat","embeddable":true,"href":"http:\/\/www.kutupsogutma.net\/index.php?rest_route=%2Fwp%2Fv2%2Fproduct_cat&post=1081"},{"taxonomy":"product_tag","embeddable":true,"href":"http:\/\/www.kutupsogutma.net\/index.php?rest_route=%2Fwp%2Fv2%2Fproduct_tag&post=1081"}],"curies":[{"name":"wp","href":"https:\/\/api.w.org\/{rel}","templated":true}]}}