{"id":1079,"date":"2021-05-03T12:04:16","date_gmt":"2021-05-03T09:04:16","guid":{"rendered":"http:\/\/www.kutupsogutma.net\/?post_type=product&#038;p=1079"},"modified":"2021-05-03T12:05:25","modified_gmt":"2021-05-03T09:05:25","slug":"firin-ocak-atesleme-buji-kablolu-aeg-bosch-siemens-setustu-frn2007","status":"publish","type":"product","link":"http:\/\/www.kutupsogutma.net\/?product=firin-ocak-atesleme-buji-kablolu-aeg-bosch-siemens-setustu-frn2007","title":{"rendered":"FIRIN OCAK ATE\u015eLEME BUJ\u0130 KABLOLU AEG-BOSCH-S\u0130EMENS SET\u00dcST\u00dc FRN2007"},"content":{"rendered":"<p>FIRIN OCAK ATE\u015eLEME BUJ\u0130 KABLOLU AEG-BOSCH-S\u0130EMENS SET\u00dcST\u00dc FRN2007<\/p>\n","protected":false},"excerpt":{"rendered":"<p>FIRIN OCAK ATE\u015eLEME BUJ\u0130 KABLOLU AEG-BOSCH-S\u0130EMENS SET\u00dcST\u00dc FRN2007<\/p>\n","protected":false},"featured_media":1080,"comment_status":"open","ping_status":"closed","template":"","meta":[],"product_cat":[84,22],"product_tag":[1220,1221,1219],"_links":{"self":[{"href":"http:\/\/www.kutupsogutma.net\/index.php?rest_route=\/wp\/v2\/product\/1079"}],"collection":[{"href":"http:\/\/www.kutupsogutma.net\/index.php?rest_route=\/wp\/v2\/product"}],"about":[{"href":"http:\/\/www.kutupsogutma.net\/index.php?rest_route=\/wp\/v2\/types\/product"}],"replies":[{"embeddable":true,"href":"http:\/\/www.kutupsogutma.net\/index.php?rest_route=%2Fwp%2Fv2%2Fcomments&post=1079"}],"wp:featuredmedia":[{"embeddable":true,"href":"http:\/\/www.kutupsogutma.net\/index.php?rest_route=\/wp\/v2\/media\/1080"}],"wp:attachment":[{"href":"http:\/\/www.kutupsogutma.net\/index.php?rest_route=%2Fwp%2Fv2%2Fmedia&parent=1079"}],"wp:term":[{"taxonomy":"product_cat","embeddable":true,"href":"http:\/\/www.kutupsogutma.net\/index.php?rest_route=%2Fwp%2Fv2%2Fproduct_cat&post=1079"},{"taxonomy":"product_tag","embeddable":true,"href":"http:\/\/www.kutupsogutma.net\/index.php?rest_route=%2Fwp%2Fv2%2Fproduct_tag&post=1079"}],"curies":[{"name":"wp","href":"https:\/\/api.w.org\/{rel}","templated":true}]}}