{"id":107,"date":"2021-04-26T19:44:58","date_gmt":"2021-04-26T16:44:58","guid":{"rendered":"http:\/\/www.kutupsogutma.net\/?post_type=product&#038;p=107"},"modified":"2021-04-26T19:44:59","modified_gmt":"2021-04-26T16:44:59","slug":"buzdolabi-timer-vestel-ariston-arcelik-bzd5003","status":"publish","type":"product","link":"http:\/\/www.kutupsogutma.net\/?product=buzdolabi-timer-vestel-ariston-arcelik-bzd5003","title":{"rendered":"BUZDOLABI TIMER VESTEL-AR\u0130STON-AR\u00c7EL\u0130K BZD5003"},"content":{"rendered":"<p><span style=\"vertical-align: inherit;\"><span style=\"vertical-align: inherit;\">BUZDOLABI ZAMANLAYICI VESTEL-AR\u0130STON-AR\u00c7EL\u0130K BZD5003<\/span><\/span><\/p>\n","protected":false},"excerpt":{"rendered":"<p>BUZDOLABI ZAMANLAYICI VESTEL-AR\u0130STON-AR\u00c7EL\u0130K BZD5003<\/p>\n","protected":false},"featured_media":108,"comment_status":"open","ping_status":"closed","template":"","meta":[],"product_cat":[38,19],"product_tag":[],"_links":{"self":[{"href":"http:\/\/www.kutupsogutma.net\/index.php?rest_route=\/wp\/v2\/product\/107"}],"collection":[{"href":"http:\/\/www.kutupsogutma.net\/index.php?rest_route=\/wp\/v2\/product"}],"about":[{"href":"http:\/\/www.kutupsogutma.net\/index.php?rest_route=\/wp\/v2\/types\/product"}],"replies":[{"embeddable":true,"href":"http:\/\/www.kutupsogutma.net\/index.php?rest_route=%2Fwp%2Fv2%2Fcomments&post=107"}],"wp:featuredmedia":[{"embeddable":true,"href":"http:\/\/www.kutupsogutma.net\/index.php?rest_route=\/wp\/v2\/media\/108"}],"wp:attachment":[{"href":"http:\/\/www.kutupsogutma.net\/index.php?rest_route=%2Fwp%2Fv2%2Fmedia&parent=107"}],"wp:term":[{"taxonomy":"product_cat","embeddable":true,"href":"http:\/\/www.kutupsogutma.net\/index.php?rest_route=%2Fwp%2Fv2%2Fproduct_cat&post=107"},{"taxonomy":"product_tag","embeddable":true,"href":"http:\/\/www.kutupsogutma.net\/index.php?rest_route=%2Fwp%2Fv2%2Fproduct_tag&post=107"}],"curies":[{"name":"wp","href":"https:\/\/api.w.org\/{rel}","templated":true}]}}