{"id":1065,"date":"2021-05-03T11:55:06","date_gmt":"2021-05-03T08:55:06","guid":{"rendered":"http:\/\/www.kutupsogutma.net\/?post_type=product&#038;p=1065"},"modified":"2021-05-03T11:55:06","modified_gmt":"2021-05-03T08:55:06","slug":"firin-ocak-manyetik-cakmak-butonu-beyaz-frn2000","status":"publish","type":"product","link":"http:\/\/www.kutupsogutma.net\/?product=firin-ocak-manyetik-cakmak-butonu-beyaz-frn2000","title":{"rendered":"FIRIN OCAK MANYET\u0130K \u00c7AKMAK BUTONU BEYAZ FRN2000"},"content":{"rendered":"<p>FIRIN OCAK MANYET\u0130K \u00c7AKMAK BUTONU BEYAZ FRN2000<\/p>\n","protected":false},"excerpt":{"rendered":"<p>FIRIN OCAK MANYET\u0130K \u00c7AKMAK BUTONU BEYAZ FRN2000<\/p>\n","protected":false},"featured_media":1066,"comment_status":"open","ping_status":"closed","template":"","meta":[],"product_cat":[84,22],"product_tag":[1211],"_links":{"self":[{"href":"http:\/\/www.kutupsogutma.net\/index.php?rest_route=\/wp\/v2\/product\/1065"}],"collection":[{"href":"http:\/\/www.kutupsogutma.net\/index.php?rest_route=\/wp\/v2\/product"}],"about":[{"href":"http:\/\/www.kutupsogutma.net\/index.php?rest_route=\/wp\/v2\/types\/product"}],"replies":[{"embeddable":true,"href":"http:\/\/www.kutupsogutma.net\/index.php?rest_route=%2Fwp%2Fv2%2Fcomments&post=1065"}],"wp:featuredmedia":[{"embeddable":true,"href":"http:\/\/www.kutupsogutma.net\/index.php?rest_route=\/wp\/v2\/media\/1066"}],"wp:attachment":[{"href":"http:\/\/www.kutupsogutma.net\/index.php?rest_route=%2Fwp%2Fv2%2Fmedia&parent=1065"}],"wp:term":[{"taxonomy":"product_cat","embeddable":true,"href":"http:\/\/www.kutupsogutma.net\/index.php?rest_route=%2Fwp%2Fv2%2Fproduct_cat&post=1065"},{"taxonomy":"product_tag","embeddable":true,"href":"http:\/\/www.kutupsogutma.net\/index.php?rest_route=%2Fwp%2Fv2%2Fproduct_tag&post=1065"}],"curies":[{"name":"wp","href":"https:\/\/api.w.org\/{rel}","templated":true}]}}