{"id":1059,"date":"2021-05-03T11:48:57","date_gmt":"2021-05-03T08:48:57","guid":{"rendered":"http:\/\/www.kutupsogutma.net\/?post_type=product&#038;p=1059"},"modified":"2021-05-03T11:50:17","modified_gmt":"2021-05-03T08:50:17","slug":"firin-dugme-yayi-frn1015","status":"publish","type":"product","link":"http:\/\/www.kutupsogutma.net\/?product=firin-dugme-yayi-frn1015","title":{"rendered":"FIRIN D\u00dc\u011eME YAYI FRN1015"},"content":{"rendered":"<p>FIRIN D\u00dc\u011eME YAYI FRN1015<\/p>\n<p>&nbsp;<\/p>\n","protected":false},"excerpt":{"rendered":"<p>FIRIN D\u00dc\u011eME YAYI FRN1015 &nbsp;<\/p>\n","protected":false},"featured_media":1060,"comment_status":"open","ping_status":"closed","template":"","meta":[],"product_cat":[83,22],"product_tag":[1208],"_links":{"self":[{"href":"http:\/\/www.kutupsogutma.net\/index.php?rest_route=\/wp\/v2\/product\/1059"}],"collection":[{"href":"http:\/\/www.kutupsogutma.net\/index.php?rest_route=\/wp\/v2\/product"}],"about":[{"href":"http:\/\/www.kutupsogutma.net\/index.php?rest_route=\/wp\/v2\/types\/product"}],"replies":[{"embeddable":true,"href":"http:\/\/www.kutupsogutma.net\/index.php?rest_route=%2Fwp%2Fv2%2Fcomments&post=1059"}],"wp:featuredmedia":[{"embeddable":true,"href":"http:\/\/www.kutupsogutma.net\/index.php?rest_route=\/wp\/v2\/media\/1060"}],"wp:attachment":[{"href":"http:\/\/www.kutupsogutma.net\/index.php?rest_route=%2Fwp%2Fv2%2Fmedia&parent=1059"}],"wp:term":[{"taxonomy":"product_cat","embeddable":true,"href":"http:\/\/www.kutupsogutma.net\/index.php?rest_route=%2Fwp%2Fv2%2Fproduct_cat&post=1059"},{"taxonomy":"product_tag","embeddable":true,"href":"http:\/\/www.kutupsogutma.net\/index.php?rest_route=%2Fwp%2Fv2%2Fproduct_tag&post=1059"}],"curies":[{"name":"wp","href":"https:\/\/api.w.org\/{rel}","templated":true}]}}