{"id":1034,"date":"2021-05-03T11:14:30","date_gmt":"2021-05-03T08:14:30","guid":{"rendered":"http:\/\/www.kutupsogutma.net\/?post_type=product&#038;p=1034"},"modified":"2021-05-03T11:14:31","modified_gmt":"2021-05-03T08:14:31","slug":"firin-setustu-ocak-dugme-no-9-frn1010","status":"publish","type":"product","link":"http:\/\/www.kutupsogutma.net\/?product=firin-setustu-ocak-dugme-no-9-frn1010","title":{"rendered":"FIRIN SET\u00dcST\u00dc OCAK D\u00dc\u011eME NO 9 FRN1010"},"content":{"rendered":"<p>FIRIN SET\u00dcST\u00dc OCAK D\u00dc\u011eME NO 9 FRN1010<\/p>\n","protected":false},"excerpt":{"rendered":"<p>FIRIN SET\u00dcST\u00dc OCAK D\u00dc\u011eME NO 9 FRN1010<\/p>\n","protected":false},"featured_media":1035,"comment_status":"open","ping_status":"closed","template":"","meta":[],"product_cat":[83,22],"product_tag":[1199],"_links":{"self":[{"href":"http:\/\/www.kutupsogutma.net\/index.php?rest_route=\/wp\/v2\/product\/1034"}],"collection":[{"href":"http:\/\/www.kutupsogutma.net\/index.php?rest_route=\/wp\/v2\/product"}],"about":[{"href":"http:\/\/www.kutupsogutma.net\/index.php?rest_route=\/wp\/v2\/types\/product"}],"replies":[{"embeddable":true,"href":"http:\/\/www.kutupsogutma.net\/index.php?rest_route=%2Fwp%2Fv2%2Fcomments&post=1034"}],"wp:featuredmedia":[{"embeddable":true,"href":"http:\/\/www.kutupsogutma.net\/index.php?rest_route=\/wp\/v2\/media\/1035"}],"wp:attachment":[{"href":"http:\/\/www.kutupsogutma.net\/index.php?rest_route=%2Fwp%2Fv2%2Fmedia&parent=1034"}],"wp:term":[{"taxonomy":"product_cat","embeddable":true,"href":"http:\/\/www.kutupsogutma.net\/index.php?rest_route=%2Fwp%2Fv2%2Fproduct_cat&post=1034"},{"taxonomy":"product_tag","embeddable":true,"href":"http:\/\/www.kutupsogutma.net\/index.php?rest_route=%2Fwp%2Fv2%2Fproduct_tag&post=1034"}],"curies":[{"name":"wp","href":"https:\/\/api.w.org\/{rel}","templated":true}]}}