{"id":1030,"date":"2021-05-03T11:12:25","date_gmt":"2021-05-03T08:12:25","guid":{"rendered":"http:\/\/www.kutupsogutma.net\/?post_type=product&#038;p=1030"},"modified":"2021-05-03T11:12:26","modified_gmt":"2021-05-03T08:12:26","slug":"firin-setustu-ocak-dugme-no-7-frn1008","status":"publish","type":"product","link":"http:\/\/www.kutupsogutma.net\/?product=firin-setustu-ocak-dugme-no-7-frn1008","title":{"rendered":"FIRIN SET\u00dcST\u00dc OCAK D\u00dc\u011eME NO 7 FRN1008"},"content":{"rendered":"<p>FIRIN SET\u00dcST\u00dc OCAK D\u00dc\u011eME NO 7 FRN1008<\/p>\n","protected":false},"excerpt":{"rendered":"<p>FIRIN SET\u00dcST\u00dc OCAK D\u00dc\u011eME NO 7 FRN1008<\/p>\n","protected":false},"featured_media":1031,"comment_status":"open","ping_status":"closed","template":"","meta":[],"product_cat":[83,22],"product_tag":[1199],"_links":{"self":[{"href":"http:\/\/www.kutupsogutma.net\/index.php?rest_route=\/wp\/v2\/product\/1030"}],"collection":[{"href":"http:\/\/www.kutupsogutma.net\/index.php?rest_route=\/wp\/v2\/product"}],"about":[{"href":"http:\/\/www.kutupsogutma.net\/index.php?rest_route=\/wp\/v2\/types\/product"}],"replies":[{"embeddable":true,"href":"http:\/\/www.kutupsogutma.net\/index.php?rest_route=%2Fwp%2Fv2%2Fcomments&post=1030"}],"wp:featuredmedia":[{"embeddable":true,"href":"http:\/\/www.kutupsogutma.net\/index.php?rest_route=\/wp\/v2\/media\/1031"}],"wp:attachment":[{"href":"http:\/\/www.kutupsogutma.net\/index.php?rest_route=%2Fwp%2Fv2%2Fmedia&parent=1030"}],"wp:term":[{"taxonomy":"product_cat","embeddable":true,"href":"http:\/\/www.kutupsogutma.net\/index.php?rest_route=%2Fwp%2Fv2%2Fproduct_cat&post=1030"},{"taxonomy":"product_tag","embeddable":true,"href":"http:\/\/www.kutupsogutma.net\/index.php?rest_route=%2Fwp%2Fv2%2Fproduct_tag&post=1030"}],"curies":[{"name":"wp","href":"https:\/\/api.w.org\/{rel}","templated":true}]}}