{"id":1026,"date":"2021-05-03T11:10:09","date_gmt":"2021-05-03T08:10:09","guid":{"rendered":"http:\/\/www.kutupsogutma.net\/?post_type=product&#038;p=1026"},"modified":"2021-05-03T11:10:09","modified_gmt":"2021-05-03T08:10:09","slug":"firin-setustu-ocak-dugme-no-5-frn1006","status":"publish","type":"product","link":"http:\/\/www.kutupsogutma.net\/?product=firin-setustu-ocak-dugme-no-5-frn1006","title":{"rendered":"FIRIN SET\u00dcST\u00dc OCAK D\u00dc\u011eME NO 5 FRN1006"},"content":{"rendered":"<p>FIRIN SET\u00dcST\u00dc OCAK D\u00dc\u011eME NO 5 FRN1006<\/p>\n","protected":false},"excerpt":{"rendered":"<p>FIRIN SET\u00dcST\u00dc OCAK D\u00dc\u011eME NO 5 FRN1006<\/p>\n","protected":false},"featured_media":1027,"comment_status":"open","ping_status":"closed","template":"","meta":[],"product_cat":[83,22],"product_tag":[1199],"_links":{"self":[{"href":"http:\/\/www.kutupsogutma.net\/index.php?rest_route=\/wp\/v2\/product\/1026"}],"collection":[{"href":"http:\/\/www.kutupsogutma.net\/index.php?rest_route=\/wp\/v2\/product"}],"about":[{"href":"http:\/\/www.kutupsogutma.net\/index.php?rest_route=\/wp\/v2\/types\/product"}],"replies":[{"embeddable":true,"href":"http:\/\/www.kutupsogutma.net\/index.php?rest_route=%2Fwp%2Fv2%2Fcomments&post=1026"}],"wp:featuredmedia":[{"embeddable":true,"href":"http:\/\/www.kutupsogutma.net\/index.php?rest_route=\/wp\/v2\/media\/1027"}],"wp:attachment":[{"href":"http:\/\/www.kutupsogutma.net\/index.php?rest_route=%2Fwp%2Fv2%2Fmedia&parent=1026"}],"wp:term":[{"taxonomy":"product_cat","embeddable":true,"href":"http:\/\/www.kutupsogutma.net\/index.php?rest_route=%2Fwp%2Fv2%2Fproduct_cat&post=1026"},{"taxonomy":"product_tag","embeddable":true,"href":"http:\/\/www.kutupsogutma.net\/index.php?rest_route=%2Fwp%2Fv2%2Fproduct_tag&post=1026"}],"curies":[{"name":"wp","href":"https:\/\/api.w.org\/{rel}","templated":true}]}}