{"id":1007,"date":"2021-05-03T10:55:30","date_gmt":"2021-05-03T07:55:30","guid":{"rendered":"http:\/\/www.kutupsogutma.net\/?post_type=product&#038;p=1007"},"modified":"2021-05-03T10:55:30","modified_gmt":"2021-05-03T07:55:30","slug":"firin-rezistans-mini-firin-frn0004","status":"publish","type":"product","link":"http:\/\/www.kutupsogutma.net\/?product=firin-rezistans-mini-firin-frn0004","title":{"rendered":"FIRIN REZ\u0130STANS M\u0130N\u0130 FIRIN FRN0004"},"content":{"rendered":"<p>FIRIN REZ\u0130STANS M\u0130N\u0130 FIRIN FRN0004<\/p>\n","protected":false},"excerpt":{"rendered":"<p>FIRIN REZ\u0130STANS M\u0130N\u0130 FIRIN FRN0004<\/p>\n","protected":false},"featured_media":1008,"comment_status":"open","ping_status":"closed","template":"","meta":[],"product_cat":[82,22],"product_tag":[1187,1188],"_links":{"self":[{"href":"http:\/\/www.kutupsogutma.net\/index.php?rest_route=\/wp\/v2\/product\/1007"}],"collection":[{"href":"http:\/\/www.kutupsogutma.net\/index.php?rest_route=\/wp\/v2\/product"}],"about":[{"href":"http:\/\/www.kutupsogutma.net\/index.php?rest_route=\/wp\/v2\/types\/product"}],"replies":[{"embeddable":true,"href":"http:\/\/www.kutupsogutma.net\/index.php?rest_route=%2Fwp%2Fv2%2Fcomments&post=1007"}],"wp:featuredmedia":[{"embeddable":true,"href":"http:\/\/www.kutupsogutma.net\/index.php?rest_route=\/wp\/v2\/media\/1008"}],"wp:attachment":[{"href":"http:\/\/www.kutupsogutma.net\/index.php?rest_route=%2Fwp%2Fv2%2Fmedia&parent=1007"}],"wp:term":[{"taxonomy":"product_cat","embeddable":true,"href":"http:\/\/www.kutupsogutma.net\/index.php?rest_route=%2Fwp%2Fv2%2Fproduct_cat&post=1007"},{"taxonomy":"product_tag","embeddable":true,"href":"http:\/\/www.kutupsogutma.net\/index.php?rest_route=%2Fwp%2Fv2%2Fproduct_tag&post=1007"}],"curies":[{"name":"wp","href":"https:\/\/api.w.org\/{rel}","templated":true}]}}