{"id":1001,"date":"2021-05-03T10:45:47","date_gmt":"2021-05-03T07:45:47","guid":{"rendered":"http:\/\/www.kutupsogutma.net\/?post_type=product&#038;p=1001"},"modified":"2021-05-03T10:45:47","modified_gmt":"2021-05-03T07:45:47","slug":"firin-rezistans-turbo-firin-arcelik-yuvarlak-frn0001","status":"publish","type":"product","link":"http:\/\/www.kutupsogutma.net\/?product=firin-rezistans-turbo-firin-arcelik-yuvarlak-frn0001","title":{"rendered":"FIRIN REZ\u0130STANS TURBO FIRIN AR\u00c7EL\u0130K YUVARLAK FRN0001"},"content":{"rendered":"<p>FIRIN REZ\u0130STANS TURBO FIRIN AR\u00c7EL\u0130K YUVARLAK FRN0001<\/p>\n","protected":false},"excerpt":{"rendered":"<p>FIRIN REZ\u0130STANS TURBO FIRIN AR\u00c7EL\u0130K YUVARLAK FRN0001<\/p>\n","protected":false},"featured_media":1002,"comment_status":"open","ping_status":"closed","template":"","meta":[],"product_cat":[82,22],"product_tag":[1181,1180,1182],"_links":{"self":[{"href":"http:\/\/www.kutupsogutma.net\/index.php?rest_route=\/wp\/v2\/product\/1001"}],"collection":[{"href":"http:\/\/www.kutupsogutma.net\/index.php?rest_route=\/wp\/v2\/product"}],"about":[{"href":"http:\/\/www.kutupsogutma.net\/index.php?rest_route=\/wp\/v2\/types\/product"}],"replies":[{"embeddable":true,"href":"http:\/\/www.kutupsogutma.net\/index.php?rest_route=%2Fwp%2Fv2%2Fcomments&post=1001"}],"wp:featuredmedia":[{"embeddable":true,"href":"http:\/\/www.kutupsogutma.net\/index.php?rest_route=\/wp\/v2\/media\/1002"}],"wp:attachment":[{"href":"http:\/\/www.kutupsogutma.net\/index.php?rest_route=%2Fwp%2Fv2%2Fmedia&parent=1001"}],"wp:term":[{"taxonomy":"product_cat","embeddable":true,"href":"http:\/\/www.kutupsogutma.net\/index.php?rest_route=%2Fwp%2Fv2%2Fproduct_cat&post=1001"},{"taxonomy":"product_tag","embeddable":true,"href":"http:\/\/www.kutupsogutma.net\/index.php?rest_route=%2Fwp%2Fv2%2Fproduct_tag&post=1001"}],"curies":[{"name":"wp","href":"https:\/\/api.w.org\/{rel}","templated":true}]}}