{"id":14,"date":"2021-03-16T03:03:12","date_gmt":"2021-03-16T03:03:12","guid":{"rendered":"http:\/\/www.kutupsogutma.net\/?page_id=14"},"modified":"2021-03-27T06:15:38","modified_gmt":"2021-03-27T03:15:38","slug":"biz-kimiz","status":"publish","type":"page","link":"http:\/\/www.kutupsogutma.net\/","title":{"rendered":"Biz Kimiz"},"content":{"rendered":"\n<p>Kutup So\u011futma olarak firmam\u0131z ticari hayat\u0131na 1975 y\u0131l\u0131nda ba\u015flam\u0131\u015ft\u0131r.<\/p>\n\n\n\n<p>\u0130\u015fletmemiz, beyaz e\u015fya, so\u011futma, ekipmanlar\u0131, klima, elektrikli ev aletleri yedek par\u00e7alar\u0131 alanlar\u0131nda faaliyet g\u00f6stermektedir.<\/p>\n\n\n\n<p>Kutup So\u011futma olarak \u00f6ncelikli hedefimiz, geni\u015f \u00fcr\u00fcn yelpazemiz ile kalite, g\u00fcven ve m\u00fc\u015fteri memnuniyetini oda\u011f\u0131m\u0131za koyarak, sizlere en iyi hizmeti vermektir.<\/p>\n\n\n\n<p><\/p>\n","protected":false},"excerpt":{"rendered":"<p>Kutup So\u011futma olarak firmam\u0131z ticari hayat\u0131na 1975 y\u0131l\u0131nda ba\u015flam\u0131\u015ft\u0131r. \u0130\u015fletmemiz, beyaz e\u015fya, so\u011futma, ekipmanlar\u0131, klima, elektrikli ev aletleri yedek par\u00e7alar\u0131 alanlar\u0131nda faaliyet g\u00f6stermektedir. Kutup So\u011futma olarak \u00f6ncelikli hedefimiz, geni\u015f \u00fcr\u00fcn yelpazemiz ile kalite, g\u00fcven ve m\u00fc\u015fteri memnuniyetini oda\u011f\u0131m\u0131za koyarak, sizlere en iyi hizmeti vermektir.<\/p>\n","protected":false},"author":1,"featured_media":0,"parent":0,"menu_order":0,"comment_status":"closed","ping_status":"closed","template":"","meta":[],"_links":{"self":[{"href":"http:\/\/www.kutupsogutma.net\/index.php?rest_route=\/wp\/v2\/pages\/14"}],"collection":[{"href":"http:\/\/www.kutupsogutma.net\/index.php?rest_route=\/wp\/v2\/pages"}],"about":[{"href":"http:\/\/www.kutupsogutma.net\/index.php?rest_route=\/wp\/v2\/types\/page"}],"author":[{"embeddable":true,"href":"http:\/\/www.kutupsogutma.net\/index.php?rest_route=\/wp\/v2\/users\/1"}],"replies":[{"embeddable":true,"href":"http:\/\/www.kutupsogutma.net\/index.php?rest_route=%2Fwp%2Fv2%2Fcomments&post=14"}],"version-history":[{"count":3,"href":"http:\/\/www.kutupsogutma.net\/index.php?rest_route=\/wp\/v2\/pages\/14\/revisions"}],"predecessor-version":[{"id":53,"href":"http:\/\/www.kutupsogutma.net\/index.php?rest_route=\/wp\/v2\/pages\/14\/revisions\/53"}],"wp:attachment":[{"href":"http:\/\/www.kutupsogutma.net\/index.php?rest_route=%2Fwp%2Fv2%2Fmedia&parent=14"}],"curies":[{"name":"wp","href":"https:\/\/api.w.org\/{rel}","templated":true}]}}